{"id":47818,"date":"2023-08-28T05:50:05","date_gmt":"2023-08-28T05:50:05","guid":{"rendered":"https:\/\/silverfin.com\/dpa\/"},"modified":"2026-04-10T16:10:33","modified_gmt":"2026-04-10T16:10:33","slug":"dpa","status":"publish","type":"page","link":"https:\/\/silverfin.com\/fr-lu\/dpa\/","title":{"rendered":"Legal &#8211; FR-LU Data Processing Addendum"},"content":{"rendered":"\t\t<div data-elementor-type=\"wp-page\" data-elementor-id=\"47818\" class=\"elementor elementor-47818 elementor-15021\" data-elementor-post-type=\"page\">\n\t\t\t\t<div class=\"elementor-element elementor-element-771765d e-flex e-con-boxed e-con e-child\" data-id=\"771765d\" data-element_type=\"container\" data-e-type=\"container\">\n\t\t\t\t\t<div class=\"e-con-inner\">\n\t\t<div class=\"elementor-element elementor-element-d707613 e-con-full e-flex e-con e-child\" data-id=\"d707613\" data-element_type=\"container\" data-e-type=\"container\">\n\t\t\t\t<div class=\"elementor-element elementor-element-a3e06c9 elementor-widget-tablet__width-inherit elementor-widget elementor-widget-heading\" data-id=\"a3e06c9\" data-element_type=\"widget\" data-e-type=\"widget\" data-widget_type=\"heading.default\">\n\t\t\t\t<div class=\"elementor-widget-container\">\n\t\t\t\t\t<h2 class=\"elementor-heading-title elementor-size-default\">Silverfin - Convention de Sous-Traitance<\/h2>\t\t\t\t<\/div>\n\t\t\t\t<\/div>\n\t\t\t\t<div class=\"elementor-element elementor-element-c3da8fb elementor-widget-tablet__width-initial elementor-widget__width-initial elementor-widget elementor-widget-text-editor\" data-id=\"c3da8fb\" data-element_type=\"widget\" data-e-type=\"widget\" data-widget_type=\"text-editor.default\">\n\t\t\t\t<div class=\"elementor-widget-container\">\n\t\t\t\t\t\t\t\t\t<p>Derni\u00e8re mise \u00e0 jour: 1 Avril 2026<\/p>\t\t\t\t\t\t\t\t<\/div>\n\t\t\t\t<\/div>\n\t\t\t\t<div class=\"elementor-element elementor-element-dca2b17 elementor-widget elementor-widget-spacer\" data-id=\"dca2b17\" data-element_type=\"widget\" data-e-type=\"widget\" data-widget_type=\"spacer.default\">\n\t\t\t\t<div class=\"elementor-widget-container\">\n\t\t\t\t\t\t\t<div class=\"elementor-spacer\">\n\t\t\t<div class=\"elementor-spacer-inner\"><\/div>\n\t\t<\/div>\n\t\t\t\t\t\t<\/div>\n\t\t\t\t<\/div>\n\t\t\t\t<\/div>\n\t\t\t\t\t<\/div>\n\t\t\t\t<\/div>\n\t\t<div class=\"elementor-element elementor-element-5adcc22 e-flex e-con-boxed e-con e-parent\" data-id=\"5adcc22\" data-element_type=\"container\" data-e-type=\"container\">\n\t\t\t\t\t<div class=\"e-con-inner\">\n\t\t\t\t<div class=\"elementor-element elementor-element-cde15f9 elementor-widget elementor-widget-text-editor\" data-id=\"cde15f9\" data-element_type=\"widget\" data-e-type=\"widget\" data-widget_type=\"text-editor.default\">\n\t\t\t\t<div class=\"elementor-widget-container\">\n\t\t\t\t\t\t\t\t\t<p data-start=\"0\" data-end=\"271\">Cette page contient la version actuelle de l\u2019Accord de traitement des donn\u00e9es (DPA) de Silverfin, qui r\u00e9git le traitement des donn\u00e9es personnelles effectu\u00e9 par Silverfin pour le compte de ses clients conform\u00e9ment au R\u00e8glement g\u00e9n\u00e9ral sur la protection des donn\u00e9es (RGPD).<\/p><p data-start=\"0\" data-end=\"271\">\u00a0<\/p><p data-start=\"273\" data-end=\"439\">Le DPA s\u2019applique lorsque Silverfin agit en tant que sous-traitant. En concluant un accord commercial avec Silverfin, les clients acceptent les termes du pr\u00e9sent DPA.<\/p><p data-start=\"273\" data-end=\"439\">\u00a0<\/p><p data-start=\"441\" data-end=\"621\" data-is-last-node=\"\" data-is-only-node=\"\"><strong data-start=\"441\" data-end=\"465\">Versions pr\u00e9c\u00e9dentes<\/strong><br data-start=\"465\" data-end=\"468\" \/>Une archive des versions pr\u00e9c\u00e9dentes du DPA de Silverfin est disponible ci-dessous. Chaque version est dat\u00e9e et reste accessible \u00e0 des fins de r\u00e9f\u00e9rence.<\/p>\t\t\t\t\t\t\t\t<\/div>\n\t\t\t\t<\/div>\n\t\t\t\t<div class=\"elementor-element elementor-element-efc712f elementor-widget elementor-widget-button\" data-id=\"efc712f\" data-element_type=\"widget\" data-e-type=\"widget\" data-widget_type=\"button.default\">\n\t\t\t\t<div class=\"elementor-widget-container\">\n\t\t\t\t\t\t\t\t\t<div class=\"elementor-button-wrapper\">\n\t\t\t\t\t<a class=\"elementor-button elementor-button-link elementor-size-sm\" href=\"https:\/\/silverfin.com\/wp-content\/uploads\/2026\/04\/March-2026-Silverfin-DPA-Customers-FR.pdf\" target=\"_blank\">\n\t\t\t\t\t\t<span class=\"elementor-button-content-wrapper\">\n\t\t\t\t\t\t\t\t\t<span class=\"elementor-button-text\">T\u00e9l\u00e9charger le DPA de mars 2026 au format PDF<\/span>\n\t\t\t\t\t<\/span>\n\t\t\t\t\t<\/a>\n\t\t\t\t<\/div>\n\t\t\t\t\t\t\t\t<\/div>\n\t\t\t\t<\/div>\n\t\t\t\t\t<\/div>\n\t\t\t\t<\/div>\n\t\t<div class=\"elementor-element elementor-element-0838566 e-flex e-con-boxed e-con e-parent\" data-id=\"0838566\" data-element_type=\"container\" data-e-type=\"container\">\n\t\t\t\t\t<div class=\"e-con-inner\">\n\t\t\t\t<div class=\"elementor-element elementor-element-2e78d3c elementor-widget elementor-widget-text-editor\" data-id=\"2e78d3c\" data-element_type=\"widget\" data-e-type=\"widget\" data-widget_type=\"text-editor.default\">\n\t\t\t\t<div class=\"elementor-widget-container\">\n\t\t\t\t\t\t\t\t\tTrouver tous nos fichiers <a href=\"https:\/\/silverfin.com\/fr-lu\/archived-dpa\/\" target=\"_blank\" rel=\"noopener\">PDF archiv\u00e9s<\/a>\t\t\t\t\t\t\t\t<\/div>\n\t\t\t\t<\/div>\n\t\t\t\t<div class=\"elementor-element elementor-element-441f10c elementor-widget elementor-widget-spacer\" data-id=\"441f10c\" data-element_type=\"widget\" data-e-type=\"widget\" data-widget_type=\"spacer.default\">\n\t\t\t\t<div class=\"elementor-widget-container\">\n\t\t\t\t\t\t\t<div class=\"elementor-spacer\">\n\t\t\t<div class=\"elementor-spacer-inner\"><\/div>\n\t\t<\/div>\n\t\t\t\t\t\t<\/div>\n\t\t\t\t<\/div>\n\t\t\t\t\t<\/div>\n\t\t\t\t<\/div>\n\t\t\t\t<\/div>\n\t\t","protected":false},"excerpt":{"rendered":"<p>Silverfin &#8211; Convention de Sous-Traitance Derni\u00e8re mise \u00e0 jour: 1 Avril 2026 Cette page contient la version actuelle de l\u2019Accord de traitement des donn\u00e9es (DPA) de Silverfin, qui r\u00e9git le traitement des [&hellip;]<\/p>\n","protected":false},"author":94,"featured_media":0,"parent":0,"menu_order":0,"comment_status":"closed","ping_status":"closed","template":"","meta":{"_acf_changed":false,"content-type":"","site-sidebar-layout":"no-sidebar","site-content-layout":"page-builder","ast-site-content-layout":"full-width-container","site-content-style":"unboxed","site-sidebar-style":"unboxed","ast-global-header-display":"","ast-banner-title-visibility":"","ast-main-header-display":"","ast-hfb-above-header-display":"","ast-hfb-below-header-display":"","ast-hfb-mobile-header-display":"","site-post-title":"disabled","ast-breadcrumbs-content":"","ast-featured-img":"disabled","footer-sml-layout":"","ast-disable-related-posts":"","theme-transparent-header-meta":"","adv-header-id-meta":"","stick-header-meta":"","header-above-stick-meta":"","header-main-stick-meta":"","header-below-stick-meta":"","astra-migrate-meta-layouts":"set","ast-page-background-enabled":"default","ast-page-background-meta":{"desktop":{"background-color":"var(--ast-global-color-4)","background-image":"","background-repeat":"repeat","background-position":"center center","background-size":"auto","background-attachment":"scroll","background-type":"","background-media":"","overlay-type":"","overlay-color":"","overlay-opacity":"","overlay-gradient":""},"tablet":{"background-color":"","background-image":"","background-repeat":"repeat","background-position":"center center","background-size":"auto","background-attachment":"scroll","background-type":"","background-media":"","overlay-type":"","overlay-color":"","overlay-opacity":"","overlay-gradient":""},"mobile":{"background-color":"","background-image":"","background-repeat":"repeat","background-position":"center center","background-size":"auto","background-attachment":"scroll","background-type":"","background-media":"","overlay-type":"","overlay-color":"","overlay-opacity":"","overlay-gradient":""}},"ast-content-background-meta":{"desktop":{"background-color":"var(--ast-global-color-5)","background-image":"","background-repeat":"repeat","background-position":"center center","background-size":"auto","background-attachment":"scroll","background-type":"","background-media":"","overlay-type":"","overlay-color":"","overlay-opacity":"","overlay-gradient":""},"tablet":{"background-color":"var(--ast-global-color-5)","background-image":"","background-repeat":"repeat","background-position":"center center","background-size":"auto","background-attachment":"scroll","background-type":"","background-media":"","overlay-type":"","overlay-color":"","overlay-opacity":"","overlay-gradient":""},"mobile":{"background-color":"var(--ast-global-color-5)","background-image":"","background-repeat":"repeat","background-position":"center center","background-size":"auto","background-attachment":"scroll","background-type":"","background-media":"","overlay-type":"","overlay-color":"","overlay-opacity":"","overlay-gradient":""}},"footnotes":""},"class_list":["post-47818","page","type-page","status-publish","hentry"],"acf":[],"yoast_head":"<!-- This site is optimized with the Yoast SEO Premium plugin v27.5 (Yoast SEO v27.5) - https:\/\/yoast.com\/product\/yoast-seo-premium-wordpress\/ -->\n<title>Convention de Sous-Traitance Silverfin Luxembourg<\/title>\n<meta name=\"description\" content=\"D\u00e9couvrez comment Silverfin prot\u00e8ge vos donn\u00e9es et optimise la conformit\u00e9 comptable au Luxembourg. En savoir plus sur notre convention de sous-traitance.\" \/>\n<meta name=\"robots\" content=\"index, follow, max-snippet:-1, max-image-preview:large, max-video-preview:-1\" \/>\n<link rel=\"canonical\" href=\"https:\/\/silverfin.com\/fr-lu\/dpa\/\" \/>\n<meta property=\"og:locale\" content=\"fr_FR\" \/>\n<meta property=\"og:type\" content=\"article\" \/>\n<meta property=\"og:title\" content=\"Legal - FR-LU Data Processing Addendum\" \/>\n<meta property=\"og:description\" content=\"D\u00e9couvrez comment Silverfin prot\u00e8ge vos donn\u00e9es et optimise la conformit\u00e9 comptable au Luxembourg. En savoir plus sur notre convention de sous-traitance.\" \/>\n<meta property=\"og:url\" content=\"https:\/\/silverfin.com\/fr-lu\/dpa\/\" \/>\n<meta property=\"og:site_name\" content=\"Silverfin\" \/>\n<meta property=\"article:publisher\" content=\"https:\/\/www.facebook.com\/getsilverfin\/\" \/>\n<meta property=\"article:modified_time\" content=\"2026-04-10T16:10:33+00:00\" \/>\n<meta name=\"twitter:card\" content=\"summary_large_image\" \/>\n<meta name=\"twitter:site\" content=\"@getsilverfin\" \/>\n<meta name=\"twitter:label1\" content=\"Est. reading time\" \/>\n\t<meta name=\"twitter:data1\" content=\"1 minute\" \/>\n<script type=\"application\/ld+json\" class=\"yoast-schema-graph\">{\"@context\":\"https:\\\/\\\/schema.org\",\"@graph\":[{\"@type\":\"WebPage\",\"@id\":\"https:\\\/\\\/silverfin.com\\\/fr-lu\\\/dpa\\\/\",\"url\":\"https:\\\/\\\/silverfin.com\\\/fr-lu\\\/dpa\\\/\",\"name\":\"Convention de Sous-Traitance Silverfin Luxembourg\",\"isPartOf\":{\"@id\":\"https:\\\/\\\/silverfin.com\\\/fr-lu\\\/#website\"},\"datePublished\":\"2023-08-28T05:50:05+00:00\",\"dateModified\":\"2026-04-10T16:10:33+00:00\",\"description\":\"D\u00e9couvrez comment Silverfin prot\u00e8ge vos donn\u00e9es et optimise la conformit\u00e9 comptable au Luxembourg. En savoir plus sur notre convention de sous-traitance.\",\"breadcrumb\":{\"@id\":\"https:\\\/\\\/silverfin.com\\\/fr-lu\\\/dpa\\\/#breadcrumb\"},\"inLanguage\":\"fr-LU\",\"potentialAction\":[{\"@type\":\"ReadAction\",\"target\":[\"https:\\\/\\\/silverfin.com\\\/fr-lu\\\/dpa\\\/\"]}]},{\"@type\":\"BreadcrumbList\",\"@id\":\"https:\\\/\\\/silverfin.com\\\/fr-lu\\\/dpa\\\/#breadcrumb\",\"itemListElement\":[{\"@type\":\"ListItem\",\"position\":1,\"name\":\"Home\",\"item\":\"https:\\\/\\\/silverfin.com\\\/fr-lu\\\/\"},{\"@type\":\"ListItem\",\"position\":2,\"name\":\"Legal &#8211; FR-LU Data Processing Addendum\"}]},{\"@type\":\"WebSite\",\"@id\":\"https:\\\/\\\/silverfin.com\\\/fr-lu\\\/#website\",\"url\":\"https:\\\/\\\/silverfin.com\\\/fr-lu\\\/\",\"name\":\"Silverfin\",\"description\":\"Cloud Post-Accounting and Compliance\",\"publisher\":{\"@id\":\"https:\\\/\\\/silverfin.com\\\/fr-lu\\\/#organization\"},\"alternateName\":\"Silverfin\",\"potentialAction\":[{\"@type\":\"SearchAction\",\"target\":{\"@type\":\"EntryPoint\",\"urlTemplate\":\"https:\\\/\\\/silverfin.com\\\/fr-lu\\\/?s={search_term_string}\"},\"query-input\":{\"@type\":\"PropertyValueSpecification\",\"valueRequired\":true,\"valueName\":\"search_term_string\"}}],\"inLanguage\":\"fr-LU\"},{\"@type\":\"Organization\",\"@id\":\"https:\\\/\\\/silverfin.com\\\/fr-lu\\\/#organization\",\"name\":\"Silverfin\",\"url\":\"https:\\\/\\\/silverfin.com\\\/fr-lu\\\/\",\"logo\":{\"@type\":\"ImageObject\",\"inLanguage\":\"fr-LU\",\"@id\":\"https:\\\/\\\/silverfin.com\\\/fr-lu\\\/#\\\/schema\\\/logo\\\/image\\\/\",\"url\":\"https:\\\/\\\/silverfin.com\\\/wp-content\\\/uploads\\\/2023\\\/08\\\/Silverfin_VISMA.svg\",\"contentUrl\":\"https:\\\/\\\/silverfin.com\\\/wp-content\\\/uploads\\\/2023\\\/08\\\/Silverfin_VISMA.svg\",\"width\":152,\"height\":45,\"caption\":\"Silverfin\"},\"image\":{\"@id\":\"https:\\\/\\\/silverfin.com\\\/fr-lu\\\/#\\\/schema\\\/logo\\\/image\\\/\"},\"sameAs\":[\"https:\\\/\\\/www.facebook.com\\\/getsilverfin\\\/\",\"https:\\\/\\\/x.com\\\/getsilverfin\",\"https:\\\/\\\/www.linkedin.com\\\/company\\\/silverfin\\\/\"]}]}<\/script>\n<!-- \/ Yoast SEO Premium plugin. -->","yoast_head_json":{"title":"Convention de Sous-Traitance Silverfin Luxembourg","description":"D\u00e9couvrez comment Silverfin prot\u00e8ge vos donn\u00e9es et optimise la conformit\u00e9 comptable au Luxembourg. En savoir plus sur notre convention de sous-traitance.","robots":{"index":"index","follow":"follow","max-snippet":"max-snippet:-1","max-image-preview":"max-image-preview:large","max-video-preview":"max-video-preview:-1"},"canonical":"https:\/\/silverfin.com\/fr-lu\/dpa\/","og_locale":"fr_FR","og_type":"article","og_title":"Legal - FR-LU Data Processing Addendum","og_description":"D\u00e9couvrez comment Silverfin prot\u00e8ge vos donn\u00e9es et optimise la conformit\u00e9 comptable au Luxembourg. En savoir plus sur notre convention de sous-traitance.","og_url":"https:\/\/silverfin.com\/fr-lu\/dpa\/","og_site_name":"Silverfin","article_publisher":"https:\/\/www.facebook.com\/getsilverfin\/","article_modified_time":"2026-04-10T16:10:33+00:00","twitter_card":"summary_large_image","twitter_site":"@getsilverfin","twitter_misc":{"Est. reading time":"1 minute"},"schema":{"@context":"https:\/\/schema.org","@graph":[{"@type":"WebPage","@id":"https:\/\/silverfin.com\/fr-lu\/dpa\/","url":"https:\/\/silverfin.com\/fr-lu\/dpa\/","name":"Convention de Sous-Traitance Silverfin Luxembourg","isPartOf":{"@id":"https:\/\/silverfin.com\/fr-lu\/#website"},"datePublished":"2023-08-28T05:50:05+00:00","dateModified":"2026-04-10T16:10:33+00:00","description":"D\u00e9couvrez comment Silverfin prot\u00e8ge vos donn\u00e9es et optimise la conformit\u00e9 comptable au Luxembourg. En savoir plus sur notre convention de sous-traitance.","breadcrumb":{"@id":"https:\/\/silverfin.com\/fr-lu\/dpa\/#breadcrumb"},"inLanguage":"fr-LU","potentialAction":[{"@type":"ReadAction","target":["https:\/\/silverfin.com\/fr-lu\/dpa\/"]}]},{"@type":"BreadcrumbList","@id":"https:\/\/silverfin.com\/fr-lu\/dpa\/#breadcrumb","itemListElement":[{"@type":"ListItem","position":1,"name":"Home","item":"https:\/\/silverfin.com\/fr-lu\/"},{"@type":"ListItem","position":2,"name":"Legal &#8211; FR-LU Data Processing Addendum"}]},{"@type":"WebSite","@id":"https:\/\/silverfin.com\/fr-lu\/#website","url":"https:\/\/silverfin.com\/fr-lu\/","name":"Silverfin","description":"Cloud Post-Accounting and Compliance","publisher":{"@id":"https:\/\/silverfin.com\/fr-lu\/#organization"},"alternateName":"Silverfin","potentialAction":[{"@type":"SearchAction","target":{"@type":"EntryPoint","urlTemplate":"https:\/\/silverfin.com\/fr-lu\/?s={search_term_string}"},"query-input":{"@type":"PropertyValueSpecification","valueRequired":true,"valueName":"search_term_string"}}],"inLanguage":"fr-LU"},{"@type":"Organization","@id":"https:\/\/silverfin.com\/fr-lu\/#organization","name":"Silverfin","url":"https:\/\/silverfin.com\/fr-lu\/","logo":{"@type":"ImageObject","inLanguage":"fr-LU","@id":"https:\/\/silverfin.com\/fr-lu\/#\/schema\/logo\/image\/","url":"https:\/\/silverfin.com\/wp-content\/uploads\/2023\/08\/Silverfin_VISMA.svg","contentUrl":"https:\/\/silverfin.com\/wp-content\/uploads\/2023\/08\/Silverfin_VISMA.svg","width":152,"height":45,"caption":"Silverfin"},"image":{"@id":"https:\/\/silverfin.com\/fr-lu\/#\/schema\/logo\/image\/"},"sameAs":["https:\/\/www.facebook.com\/getsilverfin\/","https:\/\/x.com\/getsilverfin","https:\/\/www.linkedin.com\/company\/silverfin\/"]}]}},"_links":{"self":[{"href":"https:\/\/silverfin.com\/fr-lu\/wp-json\/wp\/v2\/pages\/47818","targetHints":{"allow":["GET"]}}],"collection":[{"href":"https:\/\/silverfin.com\/fr-lu\/wp-json\/wp\/v2\/pages"}],"about":[{"href":"https:\/\/silverfin.com\/fr-lu\/wp-json\/wp\/v2\/types\/page"}],"author":[{"embeddable":true,"href":"https:\/\/silverfin.com\/fr-lu\/wp-json\/wp\/v2\/users\/94"}],"replies":[{"embeddable":true,"href":"https:\/\/silverfin.com\/fr-lu\/wp-json\/wp\/v2\/comments?post=47818"}],"version-history":[{"count":0,"href":"https:\/\/silverfin.com\/fr-lu\/wp-json\/wp\/v2\/pages\/47818\/revisions"}],"wp:attachment":[{"href":"https:\/\/silverfin.com\/fr-lu\/wp-json\/wp\/v2\/media?parent=47818"}],"curies":[{"name":"wp","href":"https:\/\/api.w.org\/{rel}","templated":true}]}}