{"id":42357,"date":"2023-12-15T16:26:07","date_gmt":"2023-12-15T16:26:07","guid":{"rendered":"https:\/\/silverfin.com\/?page_id=42357"},"modified":"2026-02-17T09:41:02","modified_gmt":"2026-02-17T09:41:02","slug":"lancement-dalerte","status":"publish","type":"page","link":"https:\/\/silverfin.com\/fr-be\/legal\/lancement-dalerte\/","title":{"rendered":"Lancement d&rsquo;alerte"},"content":{"rendered":"\t\t<div data-elementor-type=\"wp-page\" data-elementor-id=\"42357\" class=\"elementor elementor-42357 elementor-42344\" data-elementor-post-type=\"page\">\n\t\t\t\t<div class=\"elementor-element elementor-element-6c9d80a e-flex e-con-boxed e-con e-child\" data-id=\"6c9d80a\" data-element_type=\"container\" data-e-type=\"container\">\n\t\t\t\t\t<div class=\"e-con-inner\">\n\t\t<div class=\"elementor-element elementor-element-1c01729 e-con-full e-flex e-con e-child\" data-id=\"1c01729\" data-element_type=\"container\" data-e-type=\"container\">\n\t\t\t\t<div class=\"elementor-element elementor-element-09d0bf3 elementor-widget-tablet__width-inherit elementor-widget elementor-widget-heading\" data-id=\"09d0bf3\" data-element_type=\"widget\" data-e-type=\"widget\" data-widget_type=\"heading.default\">\n\t\t\t\t<div class=\"elementor-widget-container\">\n\t\t\t\t\t<h2 class=\"elementor-heading-title elementor-size-default\">Whistleblowing Channel<\/h2>\t\t\t\t<\/div>\n\t\t\t\t<\/div>\n\t\t\t\t<div class=\"elementor-element elementor-element-877976e elementor-widget-tablet__width-initial elementor-widget__width-initial elementor-widget elementor-widget-text-editor\" data-id=\"877976e\" data-element_type=\"widget\" data-e-type=\"widget\" data-widget_type=\"text-editor.default\">\n\t\t\t\t<div class=\"elementor-widget-container\">\n\t\t\t\t\t\t\t\t\t<p>Last update: 15 December 2023<\/p>\t\t\t\t\t\t\t\t<\/div>\n\t\t\t\t<\/div>\n\t\t\t\t<\/div>\n\t\t\t\t\t<\/div>\n\t\t\t\t<\/div>\n\t\t<div class=\"elementor-element elementor-element-03f996b privacy-contain-sec e-flex e-con-boxed e-con e-parent\" data-id=\"03f996b\" data-element_type=\"container\" data-e-type=\"container\">\n\t\t\t\t\t<div class=\"e-con-inner\">\n\t\t<div class=\"elementor-element elementor-element-21ec4d6 e-flex e-con-boxed e-con e-child\" data-id=\"21ec4d6\" data-element_type=\"container\" data-e-type=\"container\">\n\t\t\t\t\t<div class=\"e-con-inner\">\n\t\t\t\t<div class=\"elementor-element elementor-element-5b6e002 legal-contain elementor-widget elementor-widget-text-editor\" data-id=\"5b6e002\" data-element_type=\"widget\" data-e-type=\"widget\" data-widget_type=\"text-editor.default\">\n\t\t\t\t<div class=\"elementor-widget-container\">\n\t\t\t\t\t\t\t\t\t<p>Silverfin (a Visma company) will not tolerate any form of misconduct or critical conditions, such as violations of statutory rules, internal rules, policies or ethical standards, such as bullying, harassment, discrimination, corruption, money laundering or any other financial fraud, and will make efforts to ensure a safe, healthy and legal environment in all our business activities and legal units.<\/p>\n<p>\u00a0<\/p>\n<p>Silverfin will comply with all applicable laws and regulations and act ethically and socially responsibly. Breaches of any local and\/or EU\/EEA law may result in disciplinary actions, including termination \/ dismissal and reports to the relevant authorities.<\/p>\n<p>\u00a0<\/p>\n<p>The Silverfin Whistleblowing Channel is a tool enabling anonymous submission of any suspected breach of the local and\/or EU\/EEA law from both inside Visma and outside. It fosters confidential communication between reporter and case handler.<\/p>\n<p>\u00a0<\/p>\n<p>Silverfin decided to align their approach with the approach applicable within the Visma group, which is compliant with the EU Whistleblower Directive (Directive (EU) 2019\/1937 of the European Parliament and of the Council of 23 October 2019 on the protection of persons who report breaches of Union law) and the regulations regarding whistleblowing in the WEA (local working environment and protection laws).<\/p>\n<p>\u00a0<\/p>\n<p>For more information, please <a href=\"https:\/\/www.visma.com\/whistleblowing\/\" target=\"_blank\" rel=\"noopener\">check this link<\/a>.<\/p>\n\t\t\t\t\t\t\t\t<\/div>\n\t\t\t\t<\/div>\n\t\t\t\t<div class=\"elementor-element elementor-element-d1d1e5b blue-cta elementor-widget elementor-widget-button\" data-id=\"d1d1e5b\" data-element_type=\"widget\" data-e-type=\"widget\" data-widget_type=\"button.default\">\n\t\t\t\t<div class=\"elementor-widget-container\">\n\t\t\t\t\t\t\t\t\t<div class=\"elementor-button-wrapper\">\n\t\t\t\t\t<a class=\"elementor-button elementor-button-link elementor-size-sm\" href=\"https:\/\/visma.whistlelink.com\/\" target=\"_blank\">\n\t\t\t\t\t\t<span class=\"elementor-button-content-wrapper\">\n\t\t\t\t\t\t\t\t\t<span class=\"elementor-button-text\">submit your report<\/span>\n\t\t\t\t\t<\/span>\n\t\t\t\t\t<\/a>\n\t\t\t\t<\/div>\n\t\t\t\t\t\t\t\t<\/div>\n\t\t\t\t<\/div>\n\t\t\t\t\t<\/div>\n\t\t\t\t<\/div>\n\t\t\t\t\t<\/div>\n\t\t\t\t<\/div>\n\t\t\t\t<\/div>\n\t\t","protected":false},"excerpt":{"rendered":"<p>Whistleblowing Channel Last update: 15 December 2023 Silverfin (a Visma company) will not tolerate any form of misconduct or critical conditions, such as violations of statutory rules, internal rules, policies or ethical [&hellip;]<\/p>\n","protected":false},"author":94,"featured_media":0,"parent":90881,"menu_order":0,"comment_status":"closed","ping_status":"closed","template":"","meta":{"_acf_changed":false,"content-type":"","site-sidebar-layout":"no-sidebar","site-content-layout":"page-builder","ast-site-content-layout":"full-width-container","site-content-style":"unboxed","site-sidebar-style":"unboxed","ast-global-header-display":"","ast-banner-title-visibility":"","ast-main-header-display":"","ast-hfb-above-header-display":"","ast-hfb-below-header-display":"","ast-hfb-mobile-header-display":"","site-post-title":"disabled","ast-breadcrumbs-content":"","ast-featured-img":"disabled","footer-sml-layout":"","ast-disable-related-posts":"","theme-transparent-header-meta":"","adv-header-id-meta":"","stick-header-meta":"","header-above-stick-meta":"","header-main-stick-meta":"","header-below-stick-meta":"","astra-migrate-meta-layouts":"set","ast-page-background-enabled":"default","ast-page-background-meta":{"desktop":{"background-color":"var(--ast-global-color-4)","background-image":"","background-repeat":"repeat","background-position":"center center","background-size":"auto","background-attachment":"scroll","background-type":"","background-media":"","overlay-type":"","overlay-color":"","overlay-opacity":"","overlay-gradient":""},"tablet":{"background-color":"","background-image":"","background-repeat":"repeat","background-position":"center center","background-size":"auto","background-attachment":"scroll","background-type":"","background-media":"","overlay-type":"","overlay-color":"","overlay-opacity":"","overlay-gradient":""},"mobile":{"background-color":"","background-image":"","background-repeat":"repeat","background-position":"center center","background-size":"auto","background-attachment":"scroll","background-type":"","background-media":"","overlay-type":"","overlay-color":"","overlay-opacity":"","overlay-gradient":""}},"ast-content-background-meta":{"desktop":{"background-color":"var(--ast-global-color-5)","background-image":"","background-repeat":"repeat","background-position":"center center","background-size":"auto","background-attachment":"scroll","background-type":"","background-media":"","overlay-type":"","overlay-color":"","overlay-opacity":"","overlay-gradient":""},"tablet":{"background-color":"var(--ast-global-color-5)","background-image":"","background-repeat":"repeat","background-position":"center center","background-size":"auto","background-attachment":"scroll","background-type":"","background-media":"","overlay-type":"","overlay-color":"","overlay-opacity":"","overlay-gradient":""},"mobile":{"background-color":"var(--ast-global-color-5)","background-image":"","background-repeat":"repeat","background-position":"center center","background-size":"auto","background-attachment":"scroll","background-type":"","background-media":"","overlay-type":"","overlay-color":"","overlay-opacity":"","overlay-gradient":""}},"footnotes":""},"class_list":["post-42357","page","type-page","status-publish","hentry"],"acf":[],"yoast_head":"<!-- This site is optimized with the Yoast SEO Premium plugin v27.4 (Yoast SEO v27.4) - https:\/\/yoast.com\/product\/yoast-seo-premium-wordpress\/ -->\n<title>Lancement d&#039;alerte et signalement \u00e9thique<\/title>\n<meta name=\"description\" content=\"Signalez en toute s\u00e9curit\u00e9 toute mauvaise conduite ou violation chez Silverfin Belgique. D\u00e9couvrez comment nous garantissons un environnement de travail s\u00fbr.\" \/>\n<meta name=\"robots\" content=\"index, follow, max-snippet:-1, max-image-preview:large, max-video-preview:-1\" \/>\n<link rel=\"canonical\" href=\"https:\/\/silverfin.com\/fr-be\/legal\/lancement-dalerte\/\" \/>\n<meta property=\"og:locale\" content=\"fr_FR\" \/>\n<meta property=\"og:type\" content=\"article\" \/>\n<meta property=\"og:title\" content=\"Lancement d&#039;alerte\" \/>\n<meta property=\"og:description\" content=\"Signalez en toute s\u00e9curit\u00e9 toute mauvaise conduite ou violation chez Silverfin Belgique. D\u00e9couvrez comment nous garantissons un environnement de travail s\u00fbr.\" \/>\n<meta property=\"og:url\" content=\"https:\/\/silverfin.com\/fr-be\/legal\/lancement-dalerte\/\" \/>\n<meta property=\"og:site_name\" content=\"Silverfin\" \/>\n<meta property=\"article:publisher\" content=\"https:\/\/www.facebook.com\/getsilverfin\/\" \/>\n<meta property=\"article:modified_time\" content=\"2026-02-17T09:41:02+00:00\" \/>\n<meta name=\"twitter:card\" content=\"summary_large_image\" \/>\n<meta name=\"twitter:site\" content=\"@getsilverfin\" \/>\n<meta name=\"twitter:label1\" content=\"Dur\u00e9e de lecture est.\" \/>\n\t<meta name=\"twitter:data1\" content=\"1 minute\" \/>\n<script type=\"application\/ld+json\" class=\"yoast-schema-graph\">{\"@context\":\"https:\\\/\\\/schema.org\",\"@graph\":[{\"@type\":\"WebPage\",\"@id\":\"https:\\\/\\\/silverfin.com\\\/fr-be\\\/legal\\\/lancement-dalerte\\\/\",\"url\":\"https:\\\/\\\/silverfin.com\\\/fr-be\\\/legal\\\/lancement-dalerte\\\/\",\"name\":\"Lancement d'alerte et signalement \u00e9thique\",\"isPartOf\":{\"@id\":\"https:\\\/\\\/silverfin.com\\\/fr-be\\\/#website\"},\"datePublished\":\"2023-12-15T16:26:07+00:00\",\"dateModified\":\"2026-02-17T09:41:02+00:00\",\"description\":\"Signalez en toute s\u00e9curit\u00e9 toute mauvaise conduite ou violation chez Silverfin Belgique. D\u00e9couvrez comment nous garantissons un environnement de travail s\u00fbr.\",\"breadcrumb\":{\"@id\":\"https:\\\/\\\/silverfin.com\\\/fr-be\\\/legal\\\/lancement-dalerte\\\/#breadcrumb\"},\"inLanguage\":\"fr-BE\",\"potentialAction\":[{\"@type\":\"ReadAction\",\"target\":[\"https:\\\/\\\/silverfin.com\\\/fr-be\\\/legal\\\/lancement-dalerte\\\/\"]}]},{\"@type\":\"BreadcrumbList\",\"@id\":\"https:\\\/\\\/silverfin.com\\\/fr-be\\\/legal\\\/lancement-dalerte\\\/#breadcrumb\",\"itemListElement\":[{\"@type\":\"ListItem\",\"position\":1,\"name\":\"Home\",\"item\":\"https:\\\/\\\/silverfin.com\\\/fr-be\\\/\"},{\"@type\":\"ListItem\",\"position\":2,\"name\":\"Legal\",\"item\":\"https:\\\/\\\/silverfin.com\\\/fr-be\\\/legal\\\/\"},{\"@type\":\"ListItem\",\"position\":3,\"name\":\"Lancement d&#8217;alerte\"}]},{\"@type\":\"WebSite\",\"@id\":\"https:\\\/\\\/silverfin.com\\\/fr-be\\\/#website\",\"url\":\"https:\\\/\\\/silverfin.com\\\/fr-be\\\/\",\"name\":\"Silverfin\",\"description\":\"Cloud Post-Accounting and Compliance\",\"publisher\":{\"@id\":\"https:\\\/\\\/silverfin.com\\\/fr-be\\\/#organization\"},\"alternateName\":\"Silverfin\",\"potentialAction\":[{\"@type\":\"SearchAction\",\"target\":{\"@type\":\"EntryPoint\",\"urlTemplate\":\"https:\\\/\\\/silverfin.com\\\/fr-be\\\/?s={search_term_string}\"},\"query-input\":{\"@type\":\"PropertyValueSpecification\",\"valueRequired\":true,\"valueName\":\"search_term_string\"}}],\"inLanguage\":\"fr-BE\"},{\"@type\":\"Organization\",\"@id\":\"https:\\\/\\\/silverfin.com\\\/fr-be\\\/#organization\",\"name\":\"Silverfin\",\"url\":\"https:\\\/\\\/silverfin.com\\\/fr-be\\\/\",\"logo\":{\"@type\":\"ImageObject\",\"inLanguage\":\"fr-BE\",\"@id\":\"https:\\\/\\\/silverfin.com\\\/fr-be\\\/#\\\/schema\\\/logo\\\/image\\\/\",\"url\":\"https:\\\/\\\/silverfin.com\\\/wp-content\\\/uploads\\\/2023\\\/08\\\/Silverfin_VISMA.svg\",\"contentUrl\":\"https:\\\/\\\/silverfin.com\\\/wp-content\\\/uploads\\\/2023\\\/08\\\/Silverfin_VISMA.svg\",\"width\":152,\"height\":45,\"caption\":\"Silverfin\"},\"image\":{\"@id\":\"https:\\\/\\\/silverfin.com\\\/fr-be\\\/#\\\/schema\\\/logo\\\/image\\\/\"},\"sameAs\":[\"https:\\\/\\\/www.facebook.com\\\/getsilverfin\\\/\",\"https:\\\/\\\/x.com\\\/getsilverfin\",\"https:\\\/\\\/www.linkedin.com\\\/company\\\/silverfin\\\/\"]}]}<\/script>\n<!-- \/ Yoast SEO Premium plugin. -->","yoast_head_json":{"title":"Lancement d'alerte et signalement \u00e9thique","description":"Signalez en toute s\u00e9curit\u00e9 toute mauvaise conduite ou violation chez Silverfin Belgique. D\u00e9couvrez comment nous garantissons un environnement de travail s\u00fbr.","robots":{"index":"index","follow":"follow","max-snippet":"max-snippet:-1","max-image-preview":"max-image-preview:large","max-video-preview":"max-video-preview:-1"},"canonical":"https:\/\/silverfin.com\/fr-be\/legal\/lancement-dalerte\/","og_locale":"fr_FR","og_type":"article","og_title":"Lancement d'alerte","og_description":"Signalez en toute s\u00e9curit\u00e9 toute mauvaise conduite ou violation chez Silverfin Belgique. D\u00e9couvrez comment nous garantissons un environnement de travail s\u00fbr.","og_url":"https:\/\/silverfin.com\/fr-be\/legal\/lancement-dalerte\/","og_site_name":"Silverfin","article_publisher":"https:\/\/www.facebook.com\/getsilverfin\/","article_modified_time":"2026-02-17T09:41:02+00:00","twitter_card":"summary_large_image","twitter_site":"@getsilverfin","twitter_misc":{"Dur\u00e9e de lecture est.":"1 minute"},"schema":{"@context":"https:\/\/schema.org","@graph":[{"@type":"WebPage","@id":"https:\/\/silverfin.com\/fr-be\/legal\/lancement-dalerte\/","url":"https:\/\/silverfin.com\/fr-be\/legal\/lancement-dalerte\/","name":"Lancement d'alerte et signalement \u00e9thique","isPartOf":{"@id":"https:\/\/silverfin.com\/fr-be\/#website"},"datePublished":"2023-12-15T16:26:07+00:00","dateModified":"2026-02-17T09:41:02+00:00","description":"Signalez en toute s\u00e9curit\u00e9 toute mauvaise conduite ou violation chez Silverfin Belgique. D\u00e9couvrez comment nous garantissons un environnement de travail s\u00fbr.","breadcrumb":{"@id":"https:\/\/silverfin.com\/fr-be\/legal\/lancement-dalerte\/#breadcrumb"},"inLanguage":"fr-BE","potentialAction":[{"@type":"ReadAction","target":["https:\/\/silverfin.com\/fr-be\/legal\/lancement-dalerte\/"]}]},{"@type":"BreadcrumbList","@id":"https:\/\/silverfin.com\/fr-be\/legal\/lancement-dalerte\/#breadcrumb","itemListElement":[{"@type":"ListItem","position":1,"name":"Home","item":"https:\/\/silverfin.com\/fr-be\/"},{"@type":"ListItem","position":2,"name":"Legal","item":"https:\/\/silverfin.com\/fr-be\/legal\/"},{"@type":"ListItem","position":3,"name":"Lancement d&#8217;alerte"}]},{"@type":"WebSite","@id":"https:\/\/silverfin.com\/fr-be\/#website","url":"https:\/\/silverfin.com\/fr-be\/","name":"Silverfin","description":"Cloud Post-Accounting and Compliance","publisher":{"@id":"https:\/\/silverfin.com\/fr-be\/#organization"},"alternateName":"Silverfin","potentialAction":[{"@type":"SearchAction","target":{"@type":"EntryPoint","urlTemplate":"https:\/\/silverfin.com\/fr-be\/?s={search_term_string}"},"query-input":{"@type":"PropertyValueSpecification","valueRequired":true,"valueName":"search_term_string"}}],"inLanguage":"fr-BE"},{"@type":"Organization","@id":"https:\/\/silverfin.com\/fr-be\/#organization","name":"Silverfin","url":"https:\/\/silverfin.com\/fr-be\/","logo":{"@type":"ImageObject","inLanguage":"fr-BE","@id":"https:\/\/silverfin.com\/fr-be\/#\/schema\/logo\/image\/","url":"https:\/\/silverfin.com\/wp-content\/uploads\/2023\/08\/Silverfin_VISMA.svg","contentUrl":"https:\/\/silverfin.com\/wp-content\/uploads\/2023\/08\/Silverfin_VISMA.svg","width":152,"height":45,"caption":"Silverfin"},"image":{"@id":"https:\/\/silverfin.com\/fr-be\/#\/schema\/logo\/image\/"},"sameAs":["https:\/\/www.facebook.com\/getsilverfin\/","https:\/\/x.com\/getsilverfin","https:\/\/www.linkedin.com\/company\/silverfin\/"]}]}},"_links":{"self":[{"href":"https:\/\/silverfin.com\/fr-be\/wp-json\/wp\/v2\/pages\/42357","targetHints":{"allow":["GET"]}}],"collection":[{"href":"https:\/\/silverfin.com\/fr-be\/wp-json\/wp\/v2\/pages"}],"about":[{"href":"https:\/\/silverfin.com\/fr-be\/wp-json\/wp\/v2\/types\/page"}],"author":[{"embeddable":true,"href":"https:\/\/silverfin.com\/fr-be\/wp-json\/wp\/v2\/users\/94"}],"replies":[{"embeddable":true,"href":"https:\/\/silverfin.com\/fr-be\/wp-json\/wp\/v2\/comments?post=42357"}],"version-history":[{"count":0,"href":"https:\/\/silverfin.com\/fr-be\/wp-json\/wp\/v2\/pages\/42357\/revisions"}],"up":[{"embeddable":true,"href":"https:\/\/silverfin.com\/fr-be\/wp-json\/wp\/v2\/pages\/90881"}],"wp:attachment":[{"href":"https:\/\/silverfin.com\/fr-be\/wp-json\/wp\/v2\/media?parent=42357"}],"curies":[{"name":"wp","href":"https:\/\/api.w.org\/{rel}","templated":true}]}}