{"id":38908,"date":"2023-10-06T02:53:37","date_gmt":"2023-10-06T02:53:37","guid":{"rendered":"https:\/\/silverfin.com\/silverfin-visma-faqs\/"},"modified":"2025-12-10T10:54:36","modified_gmt":"2025-12-10T10:54:36","slug":"silverfin-visma-faqs","status":"publish","type":"page","link":"https:\/\/silverfin.com\/fr-be\/silverfin-visma-faqs\/","title":{"rendered":"Silverfin &#8211; Visma FAQs"},"content":{"rendered":"\t\t<div data-elementor-type=\"wp-page\" data-elementor-id=\"38908\" class=\"elementor elementor-38908 elementor-38900\" data-elementor-post-type=\"page\">\n\t\t\t\t<div class=\"elementor-element elementor-element-3202bbd e-flex e-con-boxed e-con e-parent\" data-id=\"3202bbd\" data-element_type=\"container\" data-e-type=\"container\" data-settings=\"{&quot;background_background&quot;:&quot;classic&quot;}\">\n\t\t\t\t\t<div class=\"e-con-inner\">\n\t\t<div class=\"elementor-element elementor-element-a4efa18 e-flex e-con-boxed e-con e-child\" data-id=\"a4efa18\" data-element_type=\"container\" data-e-type=\"container\">\n\t\t\t\t\t<div class=\"e-con-inner\">\n\t\t\t\t<div class=\"elementor-element elementor-element-22420f6 elementor-widget__width-inherit elementor-widget elementor-widget-heading\" data-id=\"22420f6\" data-element_type=\"widget\" data-e-type=\"widget\" data-widget_type=\"heading.default\">\n\t\t\t\t<div class=\"elementor-widget-container\">\n\t\t\t\t\t<h1 class=\"elementor-heading-title elementor-size-default\">Silverfin - Visma FAQs<\/h1>\t\t\t\t<\/div>\n\t\t\t\t<\/div>\n\t\t\t\t<div class=\"elementor-element elementor-element-fdaa96f elementor-widget elementor-widget-text-editor\" data-id=\"fdaa96f\" data-element_type=\"widget\" data-e-type=\"widget\" data-widget_type=\"text-editor.default\">\n\t\t\t\t<div class=\"elementor-widget-container\">\n\t\t\t\t\t\t\t\t\t<p>Last update: 4 Octobre 2023<\/p>\t\t\t\t\t\t\t\t<\/div>\n\t\t\t\t<\/div>\n\t\t\t\t\t<\/div>\n\t\t\t\t<\/div>\n\t\t\t\t\t<\/div>\n\t\t\t\t<\/div>\n\t\t<div class=\"elementor-element elementor-element-03f996b privacy-contain-sec e-flex e-con-boxed e-con e-parent\" data-id=\"03f996b\" data-element_type=\"container\" data-e-type=\"container\">\n\t\t\t\t\t<div class=\"e-con-inner\">\n\t\t<div class=\"elementor-element elementor-element-21ec4d6 e-flex e-con-boxed e-con e-child\" data-id=\"21ec4d6\" data-element_type=\"container\" data-e-type=\"container\">\n\t\t\t\t\t<div class=\"e-con-inner\">\n\t\t\t\t<div class=\"elementor-element elementor-element-5b6e002 legal-contain elementor-widget elementor-widget-text-editor\" data-id=\"5b6e002\" data-element_type=\"widget\" data-e-type=\"widget\" data-widget_type=\"text-editor.default\">\n\t\t\t\t<div class=\"elementor-widget-container\">\n\t\t\t\t\t\t\t\t\t<h2 style=\"margin-bottom: 10px;\">BE<\/h2>\n<hr style=\"margin-bottom: 40px;\">\n<h5 style=\"margin-bottom: 10px;\">Qu\u2019est-ce qui change au niveau de la facturation ?<\/h5>\n<p style=\"margin-bottom: 40px;\">Rien ne change au niveau de la facturation. En tant que client, vos factures vous seront toujours adress\u00e9es par Silverfin NV. Les paiements doivent \u00eatre effectu\u00e9s sur le m\u00eame compte bancaire. Vos syst\u00e8mes back-end comptable et bancaire ne n\u00e9cessitent aucun changement.<\/p>\n<h5 style=\"margin-bottom: 10px;\">Dois-je mettre en place un nouveau contrat ?<\/h5>\n<p style=\"margin-bottom: 40px;\">Il n\u2019est pas n\u00e9cessaire de mettre en place un nouveau contrat. Silverfin NV a toujours la qualit\u00e9 de partie contractante en fonction du lieu d\u2019implantation de votre entreprise.<\/p>\n<h5 style=\"margin-bottom: 10px;\">Les prix vont-ils augmenter ?<\/h5>\n<p style=\"margin-bottom: 40px;\">Les tarifs Silverfin sont index\u00e9s sur une base annuelle. Ce m\u00e9canisme est conserv\u00e9.<\/p>\n<h5 style=\"margin-bottom: 10px;\">Les services CSM et d\u2019assistance vont-ils changer ?<\/h5>\n<p style=\"margin-bottom: 40px;\">Non. Depuis sa cr\u00e9ation, Silverfin met un point d\u2019honneur \u00e0 satisfaire les besoins de ses clients. Vous continuerez ainsi \u00e0 b\u00e9n\u00e9ficier d\u2019un service de qualit\u00e9 de la part de nos \u00e9quipes Support et Customer Success.<\/p>\n<h5 style=\"margin-bottom: 10px;\">Comme nous faisons d\u00e9sormais partie d\u2019un groupe qui dispose \u00e9galement de la solution Yuki, concurrent potentiel du logiciel utilis\u00e9 par les clients, ces derniers peuvent-ils demander des rapports suppl\u00e9mentaires ou des documents officiels afin de garantir la protection de leurs donn\u00e9es ?<\/h5>\n<p style=\"margin-bottom: 40px;\">Chez Silverfin, nous traitons les donn\u00e9es de nos clients avec le plus grand soin. La s\u00e9curit\u00e9 et la confidentialit\u00e9 des donn\u00e9es ont toujours \u00e9t\u00e9 une composante essentielle de notre strat\u00e9gie de d\u00e9veloppement et de conception de nos applications. Notre philosophie ne change pas. Silverfin reste tenue \u00e0 ses obligations contractuelles et n&rsquo;a aucunement l&rsquo;intention de partager les informations des clients avec d&rsquo;autres soci\u00e9t\u00e9s du groupe Visma.<\/p>\n<h5 style=\"margin-bottom: 10px;\">\u00c0 pr\u00e9sent que nous faisons partie du groupe Visma, Silverfin sera-t-elle moins impliqu\u00e9e dans nos processus de synchronisation avec d\u2019autres logiciels ?<\/h5>\n<p style=\"margin-bottom: 40px;\">Non. Chez Silverfin, nous accordons la m\u00eame valeur \u00e0 chaque synchronisation et nous tenons \u00e0 conserver une position neutre dans le paysage comptable belge. Le processus de synchronisation des autres entreprises du groupe Visma ne b\u00e9n\u00e9ficiera pas d\u2019un traitement de faveur et celui des entreprises non-Visma ne sera, en aucun cas, retard\u00e9. Notre principale et unique pr\u00e9occupation est d&rsquo;int\u00e9grer les donn\u00e9es comptables de la mani\u00e8re la plus transparente possible au sein de votre environnement Silverfin.<\/p>\n<h5 style=\"margin-bottom: 10px;\">La feuille de route sera-t-elle \u00e9tendue en vue d\u2019int\u00e9grer d\u2019autres logiciels Visma et Silverfin ?<\/h5>\n<p style=\"margin-bottom: 40px;\">Nous devons encore d\u00e9cider de la mani\u00e8re dont nous tirerons au mieux parti des synergies au sein du groupe Visma.<\/p>\n<h5 style=\"margin-bottom: 10px;\">Comptez-vous modifier votre strat\u00e9gie d\u2019investissement produit ? La feuille de route sera-t-elle impact\u00e9e ?<\/h5>\n<p style=\"margin-bottom: 40px;\">Non, nous continuerons \u00e0 investir dans le produit belge et \u00e0 fournir le m\u00eame service de qualit\u00e9 \u00e0 nos clients.<\/p>\t\t\t\t\t\t\t\t<\/div>\n\t\t\t\t<\/div>\n\t\t\t\t\t<\/div>\n\t\t\t\t<\/div>\n\t\t\t\t\t<\/div>\n\t\t\t\t<\/div>\n\t\t\t\t<\/div>\n\t\t","protected":false},"excerpt":{"rendered":"<p>Silverfin &#8211; Visma FAQs Last update: 4 Octobre 2023 BE Qu\u2019est-ce qui change au niveau de la facturation ? Rien ne change au niveau de la facturation. En tant que client, vos [&hellip;]<\/p>\n","protected":false},"author":94,"featured_media":0,"parent":0,"menu_order":0,"comment_status":"closed","ping_status":"closed","template":"","meta":{"_acf_changed":false,"content-type":"","site-sidebar-layout":"no-sidebar","site-content-layout":"page-builder","ast-site-content-layout":"full-width-container","site-content-style":"unboxed","site-sidebar-style":"unboxed","ast-global-header-display":"","ast-banner-title-visibility":"","ast-main-header-display":"","ast-hfb-above-header-display":"","ast-hfb-below-header-display":"","ast-hfb-mobile-header-display":"","site-post-title":"disabled","ast-breadcrumbs-content":"","ast-featured-img":"disabled","footer-sml-layout":"","ast-disable-related-posts":"","theme-transparent-header-meta":"","adv-header-id-meta":"","stick-header-meta":"","header-above-stick-meta":"","header-main-stick-meta":"","header-below-stick-meta":"","astra-migrate-meta-layouts":"set","ast-page-background-enabled":"default","ast-page-background-meta":{"desktop":{"background-color":"var(--ast-global-color-4)","background-image":"","background-repeat":"repeat","background-position":"center center","background-size":"auto","background-attachment":"scroll","background-type":"","background-media":"","overlay-type":"","overlay-color":"","overlay-opacity":"","overlay-gradient":""},"tablet":{"background-color":"","background-image":"","background-repeat":"repeat","background-position":"center center","background-size":"auto","background-attachment":"scroll","background-type":"","background-media":"","overlay-type":"","overlay-color":"","overlay-opacity":"","overlay-gradient":""},"mobile":{"background-color":"","background-image":"","background-repeat":"repeat","background-position":"center center","background-size":"auto","background-attachment":"scroll","background-type":"","background-media":"","overlay-type":"","overlay-color":"","overlay-opacity":"","overlay-gradient":""}},"ast-content-background-meta":{"desktop":{"background-color":"var(--ast-global-color-5)","background-image":"","background-repeat":"repeat","background-position":"center center","background-size":"auto","background-attachment":"scroll","background-type":"","background-media":"","overlay-type":"","overlay-color":"","overlay-opacity":"","overlay-gradient":""},"tablet":{"background-color":"var(--ast-global-color-5)","background-image":"","background-repeat":"repeat","background-position":"center center","background-size":"auto","background-attachment":"scroll","background-type":"","background-media":"","overlay-type":"","overlay-color":"","overlay-opacity":"","overlay-gradient":""},"mobile":{"background-color":"var(--ast-global-color-5)","background-image":"","background-repeat":"repeat","background-position":"center center","background-size":"auto","background-attachment":"scroll","background-type":"","background-media":"","overlay-type":"","overlay-color":"","overlay-opacity":"","overlay-gradient":""}},"footnotes":""},"class_list":["post-38908","page","type-page","status-publish","hentry"],"acf":[],"yoast_head":"<!-- This site is optimized with the Yoast SEO Premium plugin v27.5 (Yoast SEO v27.5) - https:\/\/yoast.com\/product\/yoast-seo-premium-wordpress\/ -->\n<title>Visma FAQs | Silverfin Belgique<\/title>\n<meta name=\"description\" content=\"Everybody at Silverfin takes security very seriously. How we handle data is our main concern. That&#039;s only natural.\" \/>\n<meta name=\"robots\" content=\"index, follow, max-snippet:-1, max-image-preview:large, max-video-preview:-1\" \/>\n<link rel=\"canonical\" href=\"https:\/\/silverfin.com\/fr-be\/silverfin-visma-faqs\/\" \/>\n<meta property=\"og:locale\" content=\"fr_FR\" \/>\n<meta property=\"og:type\" content=\"article\" \/>\n<meta property=\"og:title\" content=\"Silverfin - Visma FAQs\" \/>\n<meta property=\"og:description\" content=\"Everybody at Silverfin takes security very seriously. How we handle data is our main concern. That&#039;s only natural.\" \/>\n<meta property=\"og:url\" content=\"https:\/\/silverfin.com\/fr-be\/silverfin-visma-faqs\/\" \/>\n<meta property=\"og:site_name\" content=\"Silverfin\" \/>\n<meta property=\"article:publisher\" content=\"https:\/\/www.facebook.com\/getsilverfin\/\" \/>\n<meta property=\"article:modified_time\" content=\"2025-12-10T10:54:36+00:00\" \/>\n<meta name=\"twitter:card\" content=\"summary_large_image\" \/>\n<meta name=\"twitter:site\" content=\"@getsilverfin\" \/>\n<meta name=\"twitter:label1\" content=\"Dur\u00e9e de lecture est.\" \/>\n\t<meta name=\"twitter:data1\" content=\"3 minutes\" \/>\n<script type=\"application\/ld+json\" class=\"yoast-schema-graph\">{\"@context\":\"https:\\\/\\\/schema.org\",\"@graph\":[{\"@type\":\"WebPage\",\"@id\":\"https:\\\/\\\/silverfin.com\\\/fr-be\\\/silverfin-visma-faqs\\\/\",\"url\":\"https:\\\/\\\/silverfin.com\\\/fr-be\\\/silverfin-visma-faqs\\\/\",\"name\":\"Visma FAQs | Silverfin Belgique\",\"isPartOf\":{\"@id\":\"https:\\\/\\\/silverfin.com\\\/fr-be\\\/#website\"},\"datePublished\":\"2023-10-06T02:53:37+00:00\",\"dateModified\":\"2025-12-10T10:54:36+00:00\",\"description\":\"Everybody at Silverfin takes security very seriously. How we handle data is our main concern. That's only natural.\",\"breadcrumb\":{\"@id\":\"https:\\\/\\\/silverfin.com\\\/fr-be\\\/silverfin-visma-faqs\\\/#breadcrumb\"},\"inLanguage\":\"fr-BE\",\"potentialAction\":[{\"@type\":\"ReadAction\",\"target\":[\"https:\\\/\\\/silverfin.com\\\/fr-be\\\/silverfin-visma-faqs\\\/\"]}]},{\"@type\":\"BreadcrumbList\",\"@id\":\"https:\\\/\\\/silverfin.com\\\/fr-be\\\/silverfin-visma-faqs\\\/#breadcrumb\",\"itemListElement\":[{\"@type\":\"ListItem\",\"position\":1,\"name\":\"Home\",\"item\":\"https:\\\/\\\/silverfin.com\\\/fr-be\\\/\"},{\"@type\":\"ListItem\",\"position\":2,\"name\":\"Silverfin &#8211; Visma FAQs\"}]},{\"@type\":\"WebSite\",\"@id\":\"https:\\\/\\\/silverfin.com\\\/fr-be\\\/#website\",\"url\":\"https:\\\/\\\/silverfin.com\\\/fr-be\\\/\",\"name\":\"Silverfin\",\"description\":\"Cloud Post-Accounting and Compliance\",\"publisher\":{\"@id\":\"https:\\\/\\\/silverfin.com\\\/fr-be\\\/#organization\"},\"alternateName\":\"Silverfin\",\"potentialAction\":[{\"@type\":\"SearchAction\",\"target\":{\"@type\":\"EntryPoint\",\"urlTemplate\":\"https:\\\/\\\/silverfin.com\\\/fr-be\\\/?s={search_term_string}\"},\"query-input\":{\"@type\":\"PropertyValueSpecification\",\"valueRequired\":true,\"valueName\":\"search_term_string\"}}],\"inLanguage\":\"fr-BE\"},{\"@type\":\"Organization\",\"@id\":\"https:\\\/\\\/silverfin.com\\\/fr-be\\\/#organization\",\"name\":\"Silverfin\",\"url\":\"https:\\\/\\\/silverfin.com\\\/fr-be\\\/\",\"logo\":{\"@type\":\"ImageObject\",\"inLanguage\":\"fr-BE\",\"@id\":\"https:\\\/\\\/silverfin.com\\\/fr-be\\\/#\\\/schema\\\/logo\\\/image\\\/\",\"url\":\"https:\\\/\\\/silverfin.com\\\/wp-content\\\/uploads\\\/2023\\\/08\\\/Silverfin_VISMA.svg\",\"contentUrl\":\"https:\\\/\\\/silverfin.com\\\/wp-content\\\/uploads\\\/2023\\\/08\\\/Silverfin_VISMA.svg\",\"width\":152,\"height\":45,\"caption\":\"Silverfin\"},\"image\":{\"@id\":\"https:\\\/\\\/silverfin.com\\\/fr-be\\\/#\\\/schema\\\/logo\\\/image\\\/\"},\"sameAs\":[\"https:\\\/\\\/www.facebook.com\\\/getsilverfin\\\/\",\"https:\\\/\\\/x.com\\\/getsilverfin\",\"https:\\\/\\\/www.linkedin.com\\\/company\\\/silverfin\\\/\"]}]}<\/script>\n<!-- \/ Yoast SEO Premium plugin. -->","yoast_head_json":{"title":"Visma FAQs | Silverfin Belgique","description":"Everybody at Silverfin takes security very seriously. How we handle data is our main concern. That's only natural.","robots":{"index":"index","follow":"follow","max-snippet":"max-snippet:-1","max-image-preview":"max-image-preview:large","max-video-preview":"max-video-preview:-1"},"canonical":"https:\/\/silverfin.com\/fr-be\/silverfin-visma-faqs\/","og_locale":"fr_FR","og_type":"article","og_title":"Silverfin - Visma FAQs","og_description":"Everybody at Silverfin takes security very seriously. How we handle data is our main concern. That's only natural.","og_url":"https:\/\/silverfin.com\/fr-be\/silverfin-visma-faqs\/","og_site_name":"Silverfin","article_publisher":"https:\/\/www.facebook.com\/getsilverfin\/","article_modified_time":"2025-12-10T10:54:36+00:00","twitter_card":"summary_large_image","twitter_site":"@getsilverfin","twitter_misc":{"Dur\u00e9e de lecture est.":"3 minutes"},"schema":{"@context":"https:\/\/schema.org","@graph":[{"@type":"WebPage","@id":"https:\/\/silverfin.com\/fr-be\/silverfin-visma-faqs\/","url":"https:\/\/silverfin.com\/fr-be\/silverfin-visma-faqs\/","name":"Visma FAQs | Silverfin Belgique","isPartOf":{"@id":"https:\/\/silverfin.com\/fr-be\/#website"},"datePublished":"2023-10-06T02:53:37+00:00","dateModified":"2025-12-10T10:54:36+00:00","description":"Everybody at Silverfin takes security very seriously. How we handle data is our main concern. That's only natural.","breadcrumb":{"@id":"https:\/\/silverfin.com\/fr-be\/silverfin-visma-faqs\/#breadcrumb"},"inLanguage":"fr-BE","potentialAction":[{"@type":"ReadAction","target":["https:\/\/silverfin.com\/fr-be\/silverfin-visma-faqs\/"]}]},{"@type":"BreadcrumbList","@id":"https:\/\/silverfin.com\/fr-be\/silverfin-visma-faqs\/#breadcrumb","itemListElement":[{"@type":"ListItem","position":1,"name":"Home","item":"https:\/\/silverfin.com\/fr-be\/"},{"@type":"ListItem","position":2,"name":"Silverfin &#8211; Visma FAQs"}]},{"@type":"WebSite","@id":"https:\/\/silverfin.com\/fr-be\/#website","url":"https:\/\/silverfin.com\/fr-be\/","name":"Silverfin","description":"Cloud Post-Accounting and Compliance","publisher":{"@id":"https:\/\/silverfin.com\/fr-be\/#organization"},"alternateName":"Silverfin","potentialAction":[{"@type":"SearchAction","target":{"@type":"EntryPoint","urlTemplate":"https:\/\/silverfin.com\/fr-be\/?s={search_term_string}"},"query-input":{"@type":"PropertyValueSpecification","valueRequired":true,"valueName":"search_term_string"}}],"inLanguage":"fr-BE"},{"@type":"Organization","@id":"https:\/\/silverfin.com\/fr-be\/#organization","name":"Silverfin","url":"https:\/\/silverfin.com\/fr-be\/","logo":{"@type":"ImageObject","inLanguage":"fr-BE","@id":"https:\/\/silverfin.com\/fr-be\/#\/schema\/logo\/image\/","url":"https:\/\/silverfin.com\/wp-content\/uploads\/2023\/08\/Silverfin_VISMA.svg","contentUrl":"https:\/\/silverfin.com\/wp-content\/uploads\/2023\/08\/Silverfin_VISMA.svg","width":152,"height":45,"caption":"Silverfin"},"image":{"@id":"https:\/\/silverfin.com\/fr-be\/#\/schema\/logo\/image\/"},"sameAs":["https:\/\/www.facebook.com\/getsilverfin\/","https:\/\/x.com\/getsilverfin","https:\/\/www.linkedin.com\/company\/silverfin\/"]}]}},"_links":{"self":[{"href":"https:\/\/silverfin.com\/fr-be\/wp-json\/wp\/v2\/pages\/38908","targetHints":{"allow":["GET"]}}],"collection":[{"href":"https:\/\/silverfin.com\/fr-be\/wp-json\/wp\/v2\/pages"}],"about":[{"href":"https:\/\/silverfin.com\/fr-be\/wp-json\/wp\/v2\/types\/page"}],"author":[{"embeddable":true,"href":"https:\/\/silverfin.com\/fr-be\/wp-json\/wp\/v2\/users\/94"}],"replies":[{"embeddable":true,"href":"https:\/\/silverfin.com\/fr-be\/wp-json\/wp\/v2\/comments?post=38908"}],"version-history":[{"count":0,"href":"https:\/\/silverfin.com\/fr-be\/wp-json\/wp\/v2\/pages\/38908\/revisions"}],"wp:attachment":[{"href":"https:\/\/silverfin.com\/fr-be\/wp-json\/wp\/v2\/media?parent=38908"}],"curies":[{"name":"wp","href":"https:\/\/api.w.org\/{rel}","templated":true}]}}